{"id":6561,"date":"2026-02-02T08:40:04","date_gmt":"2026-02-02T13:40:04","guid":{"rendered":"https:\/\/live-canada-soccer-new.pantheonsite.io\/definitions-du-statut-dentraineur\/"},"modified":"2026-05-10T10:47:30","modified_gmt":"2026-05-10T14:47:30","slug":"definitions-du-statut-dentraineur","status":"publish","type":"page","link":"https:\/\/canadasoccer.com\/fr\/entraineur\/programme-de-formation-avancee-des-entraineurs\/definitions-du-statut-dentraineur\/","title":{"rendered":"D\u00e9finitions du statut d&#8217;entra\u00eeneur"},"content":{"rendered":"<div>\n<div>\n<div>\n<h2>D\u00e9finitions du statut d&#8217;entra\u00eeneur<\/h2>\n<div>\n<p>Ce glossaire complet d\u00e9finit les termes cl\u00e9s et les titres de comp\u00e9tences dans la formation des entra\u00eeneurs de soccer dans la r\u00e9gion de la CONCACAF et dans le syst\u00e8me de certification de Canada Soccer. Il clarifie les distinctions entre les niveaux de formation, les exigences en mati\u00e8re de licence et les structures de gouvernance qui r\u00e9gissent les qualifications des entra\u00eeneurs dans le football nord-am\u00e9ricain. <\/p>\n<\/div><\/div>\n<p><!--\/section-header--><\/p>\n<div>\n<div>\n<p>  Comit\u00e9 de r\u00e9vision acad\u00e9mique  <\/p>\n<div>\n<div>\n<p>Un organe mis en place par le membre de la Convention pour examiner les questions de justice et d&#8217;\u00e9quit\u00e9 et pour examiner les appels concernant les d\u00e9cisions prises au niveau du cours par les d\u00e9veloppeurs d&#8217;entra\u00eeneurs (y compris les \u00e9valuations) faites par les \u00e9tudiants-entra\u00eeneurs.<\/p>\n<\/p><\/div>\n<\/p><\/div>\n<\/p><\/div>\n<div>\n<p>  Certificat  <\/p>\n<div>\n<div>\n<p>Ce qu&#8217;un entra\u00eeneur re\u00e7oit apr\u00e8s avoir suivi le(s) cours en ligne Active Start, FUNdamentals, Learn to Train et\/ou Soccer for Life et le(s) atelier(s) pratique(s) sur le terrain.<\/p>\n<\/p><\/div>\n<\/p><\/div>\n<\/p><\/div>\n<div>\n<p>  Certifi\u00e9  <\/p>\n<div>\n<div>\n<p>L&#8217;entra\u00eeneur a suivi tous les cours\/ateliers requis pour entra\u00eener dans un ou plusieurs contextes et a \u00e9t\u00e9 \u00e9valu\u00e9 et confirm\u00e9 comme comp\u00e9tent pour entra\u00eener dans un contexte sp\u00e9cifique.<\/p>\n<\/p><\/div>\n<\/p><\/div>\n<\/p><\/div>\n<div>\n<p>  D\u00e9veloppeur de coachs  <\/p>\n<div>\n<div>\n<p>Un entra\u00eeneur de football exp\u00e9riment\u00e9, comp\u00e9tent et hautement qualifi\u00e9 qui est \u00e9galement form\u00e9 \u00e0 l&#8217;\u00e9ducation des adultes et peut former des \u00e9tudiants entra\u00eeneurs conform\u00e9ment aux normes \u00e9tablies par la Convention des entra\u00eeneurs de la Concacaf.<\/p>\n<\/p><\/div>\n<\/p><\/div>\n<\/p><\/div>\n<div>\n<p>  Membre du panel de formation des entra\u00eeneurs  <\/p>\n<div>\n<div>\n<p>Membre du Concacaf Coach Education Panel, qui est responsable de l&#8217;\u00e9tablissement, de la mise en \u0153uvre et du suivi de la Concacaf Coaching Convention dans les associations membres de la Conf\u00e9d\u00e9ration.<\/p>\n<\/p><\/div>\n<\/p><\/div>\n<\/p><\/div>\n<div>\n<p>  Concacaf  <\/p>\n<div>\n<div>\n<p>La Conf\u00e9d\u00e9ration de football association d&#8217;Am\u00e9rique du Nord, d&#8217;Am\u00e9rique centrale et des Cara\u00efbes.<\/p>\n<\/p><\/div>\n<\/p><\/div>\n<\/p><\/div>\n<div>\n<p>  Convention des entra\u00eeneurs de la Concacaf  <\/p>\n<div>\n<div>\n<p>Un accord entre la Concacaf et ses associations membres qui sert de cadre r\u00e9glementaire visant \u00e0 normaliser et \u00e0 am\u00e9liorer la qualit\u00e9 des programmes de formation des entra\u00eeneurs dans la r\u00e9gion de la Concacaf et de ses associations membres.<\/p>\n<\/p><\/div>\n<\/p><\/div>\n<\/p><\/div>\n<div>\n<p>  Cours d&#8217;entra\u00eeneur Concacaf  <\/p>\n<div>\n<div>\n<p>Un cours d&#8217;entra\u00eenement dispens\u00e9 par un membre de la Convention qui a \u00e9t\u00e9 enti\u00e8rement certifi\u00e9 selon les termes et conditions de la Convention de la Concacaf sur l&#8217;entra\u00eenement.<\/p>\n<\/p><\/div>\n<\/p><\/div>\n<\/p><\/div>\n<div>\n<p>  Dipl\u00f4me d&#8217;entra\u00eeneur Concacaf  <\/p>\n<div>\n<div>\n<p>Un prix d\u00e9cern\u00e9 \u00e0 une personne qui a suivi avec succ\u00e8s un cours d&#8217;entra\u00eenement de la Concacaf.<\/p>\n<\/p><\/div>\n<\/p><\/div>\n<\/p><\/div>\n<div>\n<p>  Licence d&#8217;entra\u00eeneur Concacaf  <\/p>\n<div>\n<div>\n<p>Un permis autorisant une personne \u00e0 entra\u00eener dans la juridiction de la Concacaf.<\/p>\n<\/p><\/div>\n<\/p><\/div>\n<\/p><\/div>\n<div>\n<p>  Contexte  <\/p>\n<div>\n<div>\n<p>Une comp\u00e9tition ou un environnement d&#8217;entra\u00eenement avec des exigences d&#8217;entra\u00eenement d\u00e9finies, qui alignent les activit\u00e9s d&#8217;entra\u00eenement sur des types sp\u00e9cifiques de participants et sur le stade de leur d\u00e9veloppement respectif.<\/p>\n<\/p><\/div>\n<\/p><\/div>\n<\/p><\/div>\n<div>\n<p>  Cours de d\u00e9veloppement professionnel continu  <\/p>\n<div>\n<div>\n<p>Un cours con\u00e7u pour aider les entra\u00eeneurs ou les formateurs d&#8217;entra\u00eeneurs \u00e0 d\u00e9velopper leurs capacit\u00e9s personnelles et professionnelles, et \u00e0 am\u00e9liorer leurs connaissances, leurs comp\u00e9tences et leur pratique de l&#8217;entra\u00eenement de football.<\/p>\n<\/p><\/div>\n<\/p><\/div>\n<\/p><\/div>\n<div>\n<p>  Membre de la Convention  <\/p>\n<div>\n<div>\n<p>Une association membre qui a sign\u00e9 la convention des entra\u00eeneurs de la Concacaf.<\/p>\n<\/p><\/div>\n<\/p><\/div>\n<\/p><\/div>\n<div>\n<p>  Dipl\u00f4me  <\/p>\n<div>\n<div>\n<p>Ce qu&#8217;un entra\u00eeneur re\u00e7oit apr\u00e8s avoir suivi le programme avanc\u00e9 de formation des entra\u00eeneurs (PEFA) C, B, A, enfants, et\/ou l&#8217;atelier sur les gardiens de but. Cet entra\u00eeneur a \u00e9t\u00e9 \u00e9valu\u00e9 et a d\u00e9montr\u00e9 sa comp\u00e9tence dans un contexte sp\u00e9cifique. <\/p>\n<\/p><\/div>\n<\/p><\/div>\n<\/p><\/div>\n<div>\n<p>  Qualification \u00e9quivalente  <\/p>\n<div>\n<div>\n<p>Une reconnaissance, accord\u00e9e au sein de la Concacaf, de la comp\u00e9tence d&#8217;un entra\u00eeneur qui a \u00e9t\u00e9 form\u00e9 par un membre non-conventionn\u00e9 ou un fournisseur de cours ind\u00e9pendant.<\/p>\n<\/p><\/div>\n<\/p><\/div>\n<\/p><\/div>\n<div>\n<p>  \u00c9valuateur  <\/p>\n<div>\n<div>\n<p>Un sp\u00e9cialiste de la formation des entra\u00eeneurs nomm\u00e9 par la Concacaf pour mener un audit dans le but d&#8217;\u00e9valuer ou de r\u00e9\u00e9valuer le programme national de formation des entra\u00eeneurs d&#8217;une association membre afin de v\u00e9rifier s&#8217;il r\u00e9pond aux normes \u00e9tablies dans la Convention.<\/p>\n<\/p><\/div>\n<\/p><\/div>\n<\/p><\/div>\n<div>\n<p>  Responsable de la formation des entra\u00eeneurs  <\/p>\n<div>\n<div>\n<p>Un d\u00e9veloppeur de coachs exp\u00e9riment\u00e9 qui est charg\u00e9 de d\u00e9finir et de diriger le programme de formation des coachs d&#8217;un membre de la convention.<\/p>\n<\/p><\/div>\n<\/p><\/div>\n<\/p><\/div>\n<div>\n<p>  Prestataire de cours ind\u00e9pendant (ICP)  <\/p>\n<div>\n<div>\n<p>Une organisation fournissant un acc\u00e8s aux cours de formation des entra\u00eeneurs dans la r\u00e9gion de la Concacaf, mais qui n&#8217;est pas une association membre.<\/p>\n<\/p><\/div>\n<\/p><\/div>\n<\/p><\/div>\n<div>\n<p>  En formation  <\/p>\n<div>\n<div>\n<p>L&#8217;entra\u00eeneur a suivi certains cours\/ateliers, mais pas tous, ou des \u00e9l\u00e9ments d&#8217;un cours\/atelier.<\/p>\n<\/p><\/div>\n<\/p><\/div>\n<\/p><\/div>\n<div>\n<p>  Invalidation de la licence  <\/p>\n<div>\n<div>\n<p>Bien que l&#8217;ach\u00e8vement d&#8217;un atelier sur le dipl\u00f4me de l&#8217;ACEP ne puisse \u00eatre annul\u00e9, une licence d&#8217;entra\u00eeneur peut \u00eatre invalid\u00e9e par Canada Soccer avant son expiration si un individu ne respecte pas les conditions de d\u00e9livrance. Une licence d&#8217;entra\u00eeneur qui a \u00e9t\u00e9 invalid\u00e9e ne peut \u00eatre utilis\u00e9e comme preuve de certification aux fins d&#8217;entra\u00eenement dans une comp\u00e9tition ou un environnement qui exige ce niveau de licence ou aux fins d&#8217;inscription. <\/p>\n<\/p><\/div>\n<\/p><\/div>\n<\/p><\/div>\n<div>\n<p>  Licence  <\/p>\n<div>\n<div>\n<p>Apr\u00e8s avoir suivi avec succ\u00e8s un atelier de l&#8217;ACEP, un coach re\u00e7oit une licence (valable 3 ans), qui lui permet de s&#8217;enregistrer dans le contexte correspondant \u00e0 la licence. Par exemple, une personne qui a suivi avec succ\u00e8s un atelier sur le dipl\u00f4me de la licence B a la possibilit\u00e9 de s&#8217;inscrire en tant que coach titulaire d&#8217;une licence B pour une p\u00e9riode de trois ans. Une licence, en soi, n&#8217;autorise pas une personne \u00e0 entra\u00eener si elle n&#8217;est pas enregistr\u00e9e.  <\/p>\n<\/p><\/div>\n<\/p><\/div>\n<\/p><\/div>\n<div>\n<p>  Validit\u00e9 de la licence  <\/p>\n<div>\n<div>\n<p>La licence d&#8217;entra\u00eeneur est valable pour une p\u00e9riode de trois ans \u00e0 compter de la date de d\u00e9livrance. L&#8217;entra\u00eeneur doit participer \u00e0 une formation professionnelle continue pour conserver et renouveler sa licence. Une licence d&#8217;entra\u00eeneur expir\u00e9e n&#8217;est pas consid\u00e9r\u00e9e comme valide et ne peut \u00eatre utilis\u00e9e comme preuve de comp\u00e9tence ou confirmation d&#8217;une certification appropri\u00e9e \u00e0 des fins d&#8217;enregistrement.  <\/p>\n<\/p><\/div>\n<\/p><\/div>\n<\/p><\/div>\n<div>\n<p>  Association membre  <\/p>\n<div>\n<div>\n<p>Association nationale de football \u00e0 laquelle la Concacaf a accord\u00e9 le statut de membre.<\/p>\n<\/p><\/div>\n<\/p><\/div>\n<\/p><\/div>\n<div>\n<p>  Normes minimales  <\/p>\n<div>\n<div>\n<p>Les conditions minimales fix\u00e9es par la Convention pour l&#8217;organisation des cours d&#8217;entra\u00eenement de la Concacaf.<\/p>\n<\/p><\/div>\n<\/p><\/div>\n<\/p><\/div>\n<div>\n<p>  Reconnaissance mutuelle  <\/p>\n<div>\n<div>\n<p>La reconnaissance des dipl\u00f4mes d&#8217;entra\u00eeneur parmi les membres de la Convention.<\/p>\n<\/p><\/div>\n<\/p><\/div>\n<\/p><\/div>\n<div>\n<p>  Membre hors convention  <\/p>\n<div>\n<div>\n<p>Une association membre affili\u00e9e \u00e0 la Concacaf mais non signataire de la Convention ; ou une association membre de la FIFA non affili\u00e9e \u00e0 la Concacaf.<\/p>\n<\/p><\/div>\n<\/p><\/div>\n<\/p><\/div>\n<div>\n<p>  Reconnaissance des qualifications  <\/p>\n<div>\n<div>\n<p>Un processus d&#8217;\u00e9valuation qui permet aux entra\u00eeneurs d&#8217;obtenir des qualifications formelles pour les comp\u00e9tences et les connaissances qu&#8217;ils poss\u00e8dent. Cette \u00e9valuation comprend la mise en correspondance des preuves fournies par l&#8217;entra\u00eeneur avec les r\u00e9sultats du dipl\u00f4me de niveau. <\/p>\n<\/p><\/div>\n<\/p><\/div>\n<\/p><\/div>\n<div>\n<p>  Inscription  <\/p>\n<div>\n<div>\n<p>Le processus pour devenir un membre en r\u00e8gle du syst\u00e8me de Canada Soccer. Pour \u00eatre nomm\u00e9 entra\u00eeneur lors d&#8217;un match ou d&#8217;une comp\u00e9tition sous la juridiction de Canada Soccer, directement ou indirectement, une personne doit \u00eatre inscrite conform\u00e9ment aux r\u00e8glements de Canada Soccer par l&#8217;entremise de l&#8217;association membre de la r\u00e9gion dans laquelle l&#8217;entra\u00eeneur r\u00e9side. \u00c0 compter de 2023, l&#8217;inscription confirmera \u00e9galement qu&#8217;une personne a rempli tous les aspects de la Liste de sports s\u00e9curitaires (LSS), qui deviendra une exigence pour tous les entra\u00eeneurs.  <\/p>\n<\/p><\/div>\n<\/p><\/div>\n<\/p><\/div>\n<div>\n<p>  Liste de sports s\u00e9curis\u00e9s (SSR)  <\/p>\n<div>\n<div>\n<p>La liste des \u00e9l\u00e9ments qu&#8217;un entra\u00eeneur doit compl\u00e9ter pour s&#8217;inscrire et recevoir une licence d&#8217;entra\u00eeneur dans la juridiction de Canada Soccer \u00e0 partir du d\u00e9but de la saison 2023. Le RSS comprend la formation des entra\u00eeneurs \u00e0 l&#8217;\u00e2ge\/\u00e9tape des participants entra\u00een\u00e9s (c.-\u00e0-d. Active Start, FUNdamentals, Learn to Train, Soccer for Life ou l&#8217;atelier de formation avanc\u00e9e des entra\u00eeneurs appropri\u00e9 \u00e0 l&#8217;\u00e2ge et \u00e0 la comp\u00e9tition), l&#8217;\u00e9valuation en ligne du PNCE Prendre des d\u00e9cisions \u00e9thiques, le PNCE Faire avancer le soccer, le plan d&#8217;action d&#8217;urgence du PNCE, la compr\u00e9hension de la r\u00e8gle des deux\uff0cRespect in Sport Activity Leader, la v\u00e9rification des ant\u00e9c\u00e9dents (c.-\u00e0-d.., ), en plus d&#8217;adh\u00e9rer au Code d&#8217;\u00e9thique de Canada Soccer et au Mouvement des entra\u00eeneurs responsables du PNCE. Tous les aspects du RPS doivent \u00eatre compl\u00e9t\u00e9s et respect\u00e9s pour qu&#8217;un entra\u00eeneur soit inscrit et re\u00e7oive une licence d&#8217;entra\u00eeneur \u00e0 compter du d\u00e9but de la saison 2023.  <\/p>\n<\/p><\/div>\n<\/p><\/div>\n<\/p><\/div>\n<div>\n<p>  Entra\u00eeneur d&#8217;\u00e9tudiants  <\/p>\n<div>\n<div>\n<p>Un apprenant inscrit\/participant \u00e0 un cours de dipl\u00f4me d&#8217;entra\u00eeneur de la Concacaf coordonn\u00e9 par un membre de la convention conform\u00e9ment aux stipulations de la convention d&#8217;entra\u00eeneur de la Concacaf.<\/p>\n<\/p><\/div>\n<\/p><\/div>\n<\/p><\/div>\n<div>\n<p>  Suspension ou radiation de l&#8217;enregistrement  <\/p>\n<div>\n<div>\n<p>Canada Soccer ou l&#8217;association membre de la r\u00e9gion o\u00f9 r\u00e9side l&#8217;entra\u00eeneur a le pouvoir de suspendre ou de retirer l&#8217;inscription d&#8217;un entra\u00eeneur conform\u00e9ment au R\u00e8glement sur l&#8217;inscription et le contr\u00f4le des entra\u00eeneurs, article 21 des R\u00e8gles et r\u00e8glements de Canada Soccer. Les personnes dont l&#8217;inscription a \u00e9t\u00e9 suspendue ou retir\u00e9e n&#8217;ont pas le droit d&#8217;agir \u00e0 titre d&#8217;entra\u00eeneur dans le cadre d&#8217;une comp\u00e9tition ou d&#8217;un entra\u00eenement relevant de la comp\u00e9tence de Canada Soccer. <\/p>\n<\/p><\/div>\n<\/p><\/div>\n<\/p><\/div>\n<div>\n<p>  Syllabus du contenu minimum  <\/p>\n<div>\n<div>\n<p>Le contenu minimum requis pour chaque cours de niveau tel qu&#8217;\u00e9tabli par le panel de formation des entra\u00eeneurs dans le cadre de la Convention de la Concacaf sur l&#8217;entra\u00eenement.<\/p>\n<\/p><\/div>\n<\/p><\/div>\n<\/p><\/div>\n<div>\n<p>  Directeur technique  <\/p>\n<div>\n<div>\n<p>La personne charg\u00e9e de d\u00e9finir et de diriger les programmes nationaux de d\u00e9veloppement technique.<\/p>\n<\/p><\/div>\n<\/p><\/div>\n<\/p><\/div>\n<div>\n<p>  Form\u00e9  <\/p>\n<div>\n<div>\n<p>Le coach a suivi tous les cours\/ateliers requis pour coacher dans un contexte particulier. Dans le cadre du Programme national de certification des entra\u00eeneurs (PNCE), les entra\u00eeneurs doivent effectuer l&#8217;\u00e9valuation en ligne &#8220;Prendre des d\u00e9cisions \u00e9thiques&#8221; pour \u00eatre consid\u00e9r\u00e9s comme form\u00e9s. Un coach form\u00e9 n&#8217;a pas \u00e9t\u00e9 \u00e9valu\u00e9 pour confirmer ses comp\u00e9tences.  <\/p>\n<\/p><\/div>\n<\/p><\/div>\n<\/p><\/div>\n<\/p><\/div>\n<\/p><\/div>\n<\/div>\n<p><!--\/section--><\/p>\n","protected":false},"excerpt":{"rendered":"<p>D\u00e9finitions du statut d&#8217;entra\u00eeneur Ce glossaire complet d\u00e9finit les termes cl\u00e9s et les titres de comp\u00e9tences dans la formation des&#8230;<\/p>\n","protected":false},"author":4,"featured_media":0,"parent":6729,"menu_order":0,"comment_status":"closed","ping_status":"closed","template":"page-sub-section.php","meta":{"_acf_changed":false,"_relevanssi_hide_post":"","_relevanssi_hide_content":"","_relevanssi_pin_for_all":"","_relevanssi_pin_keywords":"","_relevanssi_unpin_keywords":"","_relevanssi_related_keywords":"","_relevanssi_related_include_ids":"","_relevanssi_related_exclude_ids":"","_relevanssi_related_no_append":"","_relevanssi_related_not_related":"","_relevanssi_related_posts":"","_relevanssi_noindex_reason":"","footnotes":""},"class_list":["post-6561","page","type-page","status-publish","hentry"],"acf":[],"yoast_head":"<!-- This site is optimized with the Yoast SEO plugin v27.6 - https:\/\/yoast.com\/product\/yoast-seo-wordpress\/ -->\n<title>D\u00e9finitions du statut d&#039;entra\u00eeneur - Canada Soccer<\/title>\n<meta name=\"robots\" content=\"index, follow, max-snippet:-1, max-image-preview:large, max-video-preview:-1\" \/>\n<link rel=\"canonical\" href=\"https:\/\/canadasoccer.com\/fr\/entraineur\/programme-de-formation-avancee-des-entraineurs\/definitions-du-statut-dentraineur\/\" \/>\n<meta name=\"twitter:label1\" content=\"Est. reading time\" \/>\n\t<meta name=\"twitter:data1\" content=\"8 minutes\" \/>\n<script type=\"application\/ld+json\" class=\"yoast-schema-graph\">{\"@context\":\"https:\\\/\\\/schema.org\",\"@graph\":[{\"@type\":\"WebPage\",\"@id\":\"https:\\\/\\\/canadasoccer.com\\\/fr\\\/entraineur\\\/programme-de-formation-avancee-des-entraineurs\\\/definitions-du-statut-dentraineur\\\/\",\"url\":\"https:\\\/\\\/canadasoccer.com\\\/fr\\\/entraineur\\\/programme-de-formation-avancee-des-entraineurs\\\/definitions-du-statut-dentraineur\\\/\",\"name\":\"D\u00e9finitions du statut d'entra\u00eeneur - Canada Soccer\",\"isPartOf\":{\"@id\":\"https:\\\/\\\/live-canada-soccer-new.pantheonsite.io\\\/#website\"},\"datePublished\":\"2026-02-02T13:40:04+00:00\",\"dateModified\":\"2026-05-10T14:47:30+00:00\",\"breadcrumb\":{\"@id\":\"https:\\\/\\\/canadasoccer.com\\\/fr\\\/entraineur\\\/programme-de-formation-avancee-des-entraineurs\\\/definitions-du-statut-dentraineur\\\/#breadcrumb\"},\"inLanguage\":\"fr-CA\",\"potentialAction\":[{\"@type\":\"ReadAction\",\"target\":[\"https:\\\/\\\/canadasoccer.com\\\/fr\\\/entraineur\\\/programme-de-formation-avancee-des-entraineurs\\\/definitions-du-statut-dentraineur\\\/\"]}]},{\"@type\":\"BreadcrumbList\",\"@id\":\"https:\\\/\\\/canadasoccer.com\\\/fr\\\/entraineur\\\/programme-de-formation-avancee-des-entraineurs\\\/definitions-du-statut-dentraineur\\\/#breadcrumb\",\"itemListElement\":[{\"@type\":\"ListItem\",\"position\":1,\"name\":\"Home\",\"item\":\"https:\\\/\\\/live-canada-soccer-new.pantheonsite.io\\\/fr\\\/\"},{\"@type\":\"ListItem\",\"position\":2,\"name\":\"Entra\u00eeneur\",\"item\":\"https:\\\/\\\/canadasoccer.com\\\/fr\\\/entraineur\\\/\"},{\"@type\":\"ListItem\",\"position\":3,\"name\":\"Programme de formation avanc\u00e9e des entra\u00eeneurs\",\"item\":\"https:\\\/\\\/canadasoccer.com\\\/fr\\\/entraineur\\\/programme-de-formation-avancee-des-entraineurs\\\/\"},{\"@type\":\"ListItem\",\"position\":4,\"name\":\"D\u00e9finitions du statut d&#8217;entra\u00eeneur\"}]},{\"@type\":\"WebSite\",\"@id\":\"https:\\\/\\\/live-canada-soccer-new.pantheonsite.io\\\/#website\",\"url\":\"https:\\\/\\\/live-canada-soccer-new.pantheonsite.io\\\/\",\"name\":\"Canada Soccer\",\"description\":\"\",\"publisher\":{\"@id\":\"https:\\\/\\\/live-canada-soccer-new.pantheonsite.io\\\/#organization\"},\"potentialAction\":[{\"@type\":\"SearchAction\",\"target\":{\"@type\":\"EntryPoint\",\"urlTemplate\":\"https:\\\/\\\/live-canada-soccer-new.pantheonsite.io\\\/?s={search_term_string}\"},\"query-input\":{\"@type\":\"PropertyValueSpecification\",\"valueRequired\":true,\"valueName\":\"search_term_string\"}}],\"inLanguage\":\"fr-CA\"},{\"@type\":\"Organization\",\"@id\":\"https:\\\/\\\/live-canada-soccer-new.pantheonsite.io\\\/#organization\",\"name\":\"Canada Soccer\",\"url\":\"https:\\\/\\\/live-canada-soccer-new.pantheonsite.io\\\/\",\"logo\":{\"@type\":\"ImageObject\",\"inLanguage\":\"fr-CA\",\"@id\":\"https:\\\/\\\/live-canada-soccer-new.pantheonsite.io\\\/#\\\/schema\\\/logo\\\/image\\\/\",\"url\":\"https:\\\/\\\/canadasoccer.com\\\/wp-content\\\/uploads\\\/2026\\\/05\\\/UTF-82025-Generic-CS.jpg\",\"contentUrl\":\"https:\\\/\\\/canadasoccer.com\\\/wp-content\\\/uploads\\\/2026\\\/05\\\/UTF-82025-Generic-CS.jpg\",\"width\":1920,\"height\":1080,\"caption\":\"Canada Soccer\"},\"image\":{\"@id\":\"https:\\\/\\\/live-canada-soccer-new.pantheonsite.io\\\/#\\\/schema\\\/logo\\\/image\\\/\"}}]}<\/script>\n<!-- \/ Yoast SEO plugin. -->","yoast_head_json":{"title":"D\u00e9finitions du statut d'entra\u00eeneur - Canada Soccer","robots":{"index":"index","follow":"follow","max-snippet":"max-snippet:-1","max-image-preview":"max-image-preview:large","max-video-preview":"max-video-preview:-1"},"canonical":"https:\/\/canadasoccer.com\/fr\/entraineur\/programme-de-formation-avancee-des-entraineurs\/definitions-du-statut-dentraineur\/","twitter_misc":{"Est. reading time":"8 minutes"},"schema":{"@context":"https:\/\/schema.org","@graph":[{"@type":"WebPage","@id":"https:\/\/canadasoccer.com\/fr\/entraineur\/programme-de-formation-avancee-des-entraineurs\/definitions-du-statut-dentraineur\/","url":"https:\/\/canadasoccer.com\/fr\/entraineur\/programme-de-formation-avancee-des-entraineurs\/definitions-du-statut-dentraineur\/","name":"D\u00e9finitions du statut d'entra\u00eeneur - Canada Soccer","isPartOf":{"@id":"https:\/\/live-canada-soccer-new.pantheonsite.io\/#website"},"datePublished":"2026-02-02T13:40:04+00:00","dateModified":"2026-05-10T14:47:30+00:00","breadcrumb":{"@id":"https:\/\/canadasoccer.com\/fr\/entraineur\/programme-de-formation-avancee-des-entraineurs\/definitions-du-statut-dentraineur\/#breadcrumb"},"inLanguage":"fr-CA","potentialAction":[{"@type":"ReadAction","target":["https:\/\/canadasoccer.com\/fr\/entraineur\/programme-de-formation-avancee-des-entraineurs\/definitions-du-statut-dentraineur\/"]}]},{"@type":"BreadcrumbList","@id":"https:\/\/canadasoccer.com\/fr\/entraineur\/programme-de-formation-avancee-des-entraineurs\/definitions-du-statut-dentraineur\/#breadcrumb","itemListElement":[{"@type":"ListItem","position":1,"name":"Home","item":"https:\/\/live-canada-soccer-new.pantheonsite.io\/fr\/"},{"@type":"ListItem","position":2,"name":"Entra\u00eeneur","item":"https:\/\/canadasoccer.com\/fr\/entraineur\/"},{"@type":"ListItem","position":3,"name":"Programme de formation avanc\u00e9e des entra\u00eeneurs","item":"https:\/\/canadasoccer.com\/fr\/entraineur\/programme-de-formation-avancee-des-entraineurs\/"},{"@type":"ListItem","position":4,"name":"D\u00e9finitions du statut d&#8217;entra\u00eeneur"}]},{"@type":"WebSite","@id":"https:\/\/live-canada-soccer-new.pantheonsite.io\/#website","url":"https:\/\/live-canada-soccer-new.pantheonsite.io\/","name":"Canada Soccer","description":"","publisher":{"@id":"https:\/\/live-canada-soccer-new.pantheonsite.io\/#organization"},"potentialAction":[{"@type":"SearchAction","target":{"@type":"EntryPoint","urlTemplate":"https:\/\/live-canada-soccer-new.pantheonsite.io\/?s={search_term_string}"},"query-input":{"@type":"PropertyValueSpecification","valueRequired":true,"valueName":"search_term_string"}}],"inLanguage":"fr-CA"},{"@type":"Organization","@id":"https:\/\/live-canada-soccer-new.pantheonsite.io\/#organization","name":"Canada Soccer","url":"https:\/\/live-canada-soccer-new.pantheonsite.io\/","logo":{"@type":"ImageObject","inLanguage":"fr-CA","@id":"https:\/\/live-canada-soccer-new.pantheonsite.io\/#\/schema\/logo\/image\/","url":"https:\/\/canadasoccer.com\/wp-content\/uploads\/2026\/05\/UTF-82025-Generic-CS.jpg","contentUrl":"https:\/\/canadasoccer.com\/wp-content\/uploads\/2026\/05\/UTF-82025-Generic-CS.jpg","width":1920,"height":1080,"caption":"Canada Soccer"},"image":{"@id":"https:\/\/live-canada-soccer-new.pantheonsite.io\/#\/schema\/logo\/image\/"}}]}},"_links":{"self":[{"href":"https:\/\/canadasoccer.com\/fr\/wp-json\/wp\/v2\/pages\/6561","targetHints":{"allow":["GET"]}}],"collection":[{"href":"https:\/\/canadasoccer.com\/fr\/wp-json\/wp\/v2\/pages"}],"about":[{"href":"https:\/\/canadasoccer.com\/fr\/wp-json\/wp\/v2\/types\/page"}],"author":[{"embeddable":true,"href":"https:\/\/canadasoccer.com\/fr\/wp-json\/wp\/v2\/users\/4"}],"replies":[{"embeddable":true,"href":"https:\/\/canadasoccer.com\/fr\/wp-json\/wp\/v2\/comments?post=6561"}],"version-history":[{"count":1,"href":"https:\/\/canadasoccer.com\/fr\/wp-json\/wp\/v2\/pages\/6561\/revisions"}],"predecessor-version":[{"id":6562,"href":"https:\/\/canadasoccer.com\/fr\/wp-json\/wp\/v2\/pages\/6561\/revisions\/6562"}],"up":[{"embeddable":true,"href":"https:\/\/canadasoccer.com\/fr\/wp-json\/wp\/v2\/pages\/6729"}],"wp:attachment":[{"href":"https:\/\/canadasoccer.com\/fr\/wp-json\/wp\/v2\/media?parent=6561"}],"curies":[{"name":"wp","href":"https:\/\/api.w.org\/{rel}","templated":true}]}}